{"id":2211,"date":"2019-04-20T09:34:42","date_gmt":"2019-04-20T07:34:42","guid":{"rendered":"https:\/\/supply-optimum.com\/?page_id=2211"},"modified":"2019-04-30T07:46:40","modified_gmt":"2019-04-30T05:46:40","slug":"demande-de-devis-supply-multisites","status":"publish","type":"page","link":"https:\/\/supply-optimum.com\/index.php\/demande-de-devis-supply-multisites\/","title":{"rendered":"Demande de devis \u2013 Supply Multi-sites"},"content":{"rendered":"<p><div class=\"fusion-fullwidth fullwidth-box fusion-builder-row-1 nonhundred-percent-fullwidth non-hundred-percent-height-scrolling\"  style='background-color: rgba(255,255,255,0);background-position: center center;background-repeat: no-repeat;padding-top:0px;padding-right:0px;padding-bottom:0px;padding-left:0px;'><div class=\"fusion-builder-row fusion-row \"><div  class=\"fusion-layout-column fusion_builder_column fusion_builder_column_1_1 fusion-builder-column-0 fusion-one-full fusion-column-first fusion-column-last 1_1\"  style='margin-top:0px;margin-bottom:0px;'><div class=\"fusion-column-wrapper\" style=\"padding: 0px 0px 0px 0px;background-position:left top;background-repeat:no-repeat;-webkit-background-size:cover;-moz-background-size:cover;-o-background-size:cover;background-size:cover;\"   data-bg-url=\"\"><div class=\"fusion-text\"><h2>\u2631 Demande de devis forfait Supply Multi-sites<\/h2>\n<\/div><div class=\"fusion-clearfix\"><\/div><\/div><\/div><\/div><\/div><div class=\"fusion-fullwidth fullwidth-box fusion-builder-row-2 nonhundred-percent-fullwidth non-hundred-percent-height-scrolling\"  style='background-color: rgba(255,255,255,0);background-position: center center;background-repeat: no-repeat;padding-top:0px;padding-right:0px;padding-bottom:0px;padding-left:0px;'><div class=\"fusion-builder-row fusion-row \"><div  class=\"fusion-layout-column fusion_builder_column fusion_builder_column_2_3 fusion-builder-column-1 fusion-two-third fusion-column-first 2_3\"  style='margin-top:0px;margin-bottom:0px;width:66.66%;width:calc(66.66% - ( ( 4% ) * 0.6666 ) );margin-right: 4%;'><div class=\"fusion-column-wrapper\" style=\"padding: 0px 0px 0px 0px;background-position:left top;background-repeat:no-repeat;-webkit-background-size:cover;-moz-background-size:cover;-o-background-size:cover;background-size:cover;\"   data-bg-url=\"\"><div class=\"fusion-text\"><p style=\"text-align: justify;\"><strong>Avec le forfait Supply Multi-sites, nous r\u00e9alisons votre audit Supply Chain quelque soit le nombre de vos sites en France et \u00e0 l&rsquo;International, selon le r\u00e9f\u00e9rentiel d\u2019\u00e9valuation logistique ASLOG. <\/strong>Compl\u00e9tez le formulaire pour obtenir votre devis personnalis\u00e9 :<\/p>\n<\/div>\n                <div class='gf_browser_gecko gform_wrapper' id='gform_wrapper_2' ><form method='post' enctype='multipart\/form-data'  id='gform_2'  action='\/index.php\/wp-json\/wp\/v2\/pages\/2211'>\n                        <div class='gform_body'><ul id='gform_fields_2' class='gform_fields top_label form_sublabel_below description_above'><li id='field_2_3'  class='gfield gfield_contains_required field_sublabel_below field_description_above gfield_visibility_visible' ><label class='gfield_label' for='input_2_3' >Soci\u00e9t\u00e9<span class='gfield_required'>*<\/span><\/label><div class='ginput_container ginput_container_text'><input name='input_3' id='input_2_3' type='text' value='' class='large'     aria-required=\"true\" aria-invalid=\"false\" \/><\/div><\/li><li id='field_2_26'  class='gfield gf_left_third gfield_contains_required field_sublabel_below field_description_above gfield_visibility_visible' ><label class='gfield_label' for='input_2_26' >Civilit\u00e9<span class='gfield_required'>*<\/span><\/label><div class='ginput_container ginput_container_select'><select name='input_26' id='input_2_26' class='small gfield_select'   aria-required=\"true\" aria-invalid=\"false\"><option value='' ><\/option><option value='Monsieur' >Monsieur<\/option><option value='Madame' >Madame<\/option><\/select><\/div><\/li><li id='field_2_28'  class='gfield gf_middle_third gfield_contains_required field_sublabel_below field_description_above gfield_visibility_visible' ><label class='gfield_label' for='input_2_28' >Pr\u00e9nom<span class='gfield_required'>*<\/span><\/label><div class='ginput_container ginput_container_text'><input name='input_28' id='input_2_28' type='text' value='' class='small'     aria-required=\"true\" aria-invalid=\"false\" \/><\/div><\/li><li id='field_2_27'  class='gfield gf_right_third gfield_contains_required field_sublabel_below field_description_above gfield_visibility_visible' ><label class='gfield_label' for='input_2_27' >Nom<span class='gfield_required'>*<\/span><\/label><div class='ginput_container ginput_container_text'><input name='input_27' id='input_2_27' type='text' value='' class='small'     aria-required=\"true\" aria-invalid=\"false\" \/><\/div><\/li><li id='field_2_4'  class='gfield gf_left_third gfield_contains_required field_sublabel_below field_description_above gfield_visibility_visible' ><label class='gfield_label' for='input_2_4' >Fonction<span class='gfield_required'>*<\/span><\/label><div class='ginput_container ginput_container_text'><input name='input_4' id='input_2_4' type='text' value='' class='medium'     aria-required=\"true\" aria-invalid=\"false\" \/><\/div><\/li><li id='field_2_16'  class='gfield gf_middle_third gfield_contains_required field_sublabel_below field_description_above gfield_visibility_visible' ><label class='gfield_label' for='input_2_16' >E-mail<span class='gfield_required'>*<\/span><\/label><div class='ginput_container ginput_container_email'>\n                            <input name='input_16' id='input_2_16' type='text' value='' class='medium'    aria-required=\"true\" aria-invalid=\"false\" \/>\n                        <\/div><\/li><li id='field_2_20'  class='gfield gf_right_third field_sublabel_below field_description_above gfield_visibility_visible' ><label class='gfield_label' for='input_2_20' >T\u00e9l\u00e9phone<\/label><div class='ginput_container ginput_container_phone'><input name='input_20' id='input_2_20' type='text' value='' class='medium'    aria-invalid=\"false\"  \/><\/div><\/li><li id='field_2_14'  class='gfield gfield_contains_required field_sublabel_above field_description_above gfield_visibility_visible' ><label class='gfield_label gfield_label_before_complex'  >Coordonn\u00e9es de votre si\u00e8ge social<span class='gfield_required'>*<\/span><\/label>    \n                    <div class='ginput_complex ginput_container has_street has_city has_zip ginput_container_address' id='input_2_14' >\n                         <span class='ginput_full address_line_1' id='input_2_14_1_container' >\n                                        <label for='input_2_14_1' id='input_2_14_1_label' >Adresse postale<\/label>\n                                        <input type='text' name='input_14.1' id='input_2_14_1' value=''    aria-required=\"true\"\/>\n                                    <\/span><span class='ginput_left address_city' id='input_2_14_3_container' >\n                                    <label for='input_2_14_3' id='input_2_14_3_label' >Ville<\/label>\n                                    <input type='text' name='input_14.3' id='input_2_14_3' value=''    aria-required=\"true\"\/>\n                                 <\/span><input type='hidden' class='gform_hidden' name='input_14.4' id='input_2_14_4' value=''\/><span class='ginput_right address_zip' id='input_2_14_5_container' >\n                                    <label for='input_2_14_5' id='input_2_14_5_label' >Code postal<\/label>\n                                    <input type='text' name='input_14.5' id='input_2_14_5' value=''    aria-required=\"true\"\/>\n                                <\/span><input type='hidden' class='gform_hidden' name='input_14.6' id='input_2_14_6' value='France'\/>\n                    <div class='gf_clear gf_clear_complex'><\/div>\n                <\/div><\/li><li id='field_2_23'  class='gfield gf_left_half gfield_contains_required field_sublabel_below field_description_above gfield_visibility_visible' ><label class='gfield_label' for='input_2_23' >Nombre de sites de votre soci\u00e9t\u00e9<span class='gfield_required'>*<\/span><\/label><div class='ginput_container ginput_container_text'><input name='input_23' id='input_2_23' type='text' value='' class='medium'     aria-required=\"true\" aria-invalid=\"false\" \/><\/div><\/li><li id='field_2_18'  class='gfield field_sublabel_below field_description_above gfield_visibility_visible' ><label class='gfield_label' for='input_2_18' >Site internet<\/label><div class='ginput_container ginput_container_website'>\n                    <input name='input_18' id='input_2_18' type='text' value='http:\/\/' class='medium'      aria-invalid=\"false\"\/>\n                <\/div><\/li><li id='field_2_13'  class='gfield gfield_contains_required field_sublabel_below field_description_above gfield_visibility_visible' ><label class='gfield_label' for='input_2_13' >Votre projet<span class='gfield_required'>*<\/span><\/label><div class='ginput_container ginput_container_textarea'><textarea name='input_13' id='input_2_13' class='textarea large'    placeholder='D\u00e9crivez-nous votre projet ou votre probl\u00e9matique en quelques mots...' aria-required=\"true\" aria-invalid=\"false\"   rows='10' cols='50'><\/textarea><\/div><\/li><li id='field_2_24'  class='gfield field_sublabel_below field_description_above gfield_visibility_visible' ><label class='gfield_label' for='input_2_24' >Vous contacter<\/label><div class='gfield_description' id='gfield_description_2_24'>Avez-vous des pr\u00e9f\u00e9rences afin que nous vous contactions ?<\/div><div class='ginput_container ginput_container_text'><input name='input_24' id='input_2_24' type='text' value='' class='large'  aria-describedby=\"gfield_description_2_24\"  placeholder='Je pr\u00e9f\u00e8re \u00eatre contact\u00e9 par email, t\u00e9l\u00e9phone, pendant les horaires suivants etc.'  aria-invalid=\"false\" \/><\/div><\/li><li id='field_2_25'  class='gfield gfield_contains_required field_sublabel_below field_description_above gfield_visibility_visible' ><label class='gfield_label'  >R\u00e9glementation g\u00e9n\u00e9rale de la protection des donn\u00e9es (RGPD)<span class='gfield_required'>*<\/span><\/label><div class='ginput_container ginput_container_checkbox'><ul class='gfield_checkbox' id='input_2_25'><li class='gchoice_2_25_1'>\n\t\t\t\t\t\t\t\t<input name='input_25.1' type='checkbox'  value='J\u2019accepte la &lt;a href=&quot;\/index.php\/informations-legales\/&quot; target=&quot;\u00a0_blank&quot;&gt;politique de confidentialit\u00e9&lt;\/A&gt;.'  id='choice_2_25_1'   \/>\n\t\t\t\t\t\t\t\t<label for='choice_2_25_1' id='label_2_25_1'>J\u2019accepte la <a href=\"\/index.php\/informations-legales\/\" target=\"\u00a0_blank\">politique de confidentialit\u00e9<\/A>.<\/label>\n\t\t\t\t\t\t\t<\/li><\/ul><\/div><\/li><li id='field_2_29'  class='gfield field_sublabel_below field_description_above gfield_visibility_visible' ><div class='ginput_container ginput_container_checkbox'><ul class='gfield_checkbox' id='input_2_29'><li class='gchoice_2_29'>\n                        <input name='input_29' type='checkbox' value='1'  id='choice_2_29'   \/>\n                        <label for='choice_2_29' id='label_2_29'>J'accepte de recevoir la newsletter Supply Optimum<\/label>\n                    <\/li><\/ul><\/div><\/li><li id='field_2_19'  class='gfield field_sublabel_below field_description_above gfield_visibility_visible' ><label class='gfield_label' for='input_2_19' >CAPTCHA<\/label><div id='input_2_19' class='ginput_container ginput_recaptcha' data-sitekey='6Lcn1I4UAAAAAICrwoH-cuT_yzJ92MXE3IsSS8Rj'  data-theme='light' data-tabindex='0'  data-badge=''><\/div><\/li>\n                            <\/ul><\/div>\n        <div class='gform_footer top_label'> <input type='submit' id='gform_submit_button_2' class='gform_button button' value='Demandez votre devis'  onclick='if(window[\"gf_submitting_2\"]){return false;}  window[\"gf_submitting_2\"]=true;  ' onkeypress='if( event.keyCode == 13 ){ if(window[\"gf_submitting_2\"]){return false;} window[\"gf_submitting_2\"]=true;  jQuery(\"#gform_2\").trigger(\"submit\",[true]); }' \/> \n            <input type='hidden' class='gform_hidden' name='is_submit_2' value='1' \/>\n            <input type='hidden' class='gform_hidden' name='gform_submit' value='2' \/>\n            \n            <input type='hidden' class='gform_hidden' name='gform_unique_id' value='' \/>\n            <input type='hidden' class='gform_hidden' name='state_2' value='WyJbXSIsImJhM2E4YzFkMDBhYjMyZGQzMTE1YzcyMWM1MDY5NGE1Il0=' \/>\n            <input type='hidden' class='gform_hidden' name='gform_target_page_number_2' id='gform_target_page_number_2' value='0' \/>\n            <input type='hidden' class='gform_hidden' name='gform_source_page_number_2' id='gform_source_page_number_2' value='1' \/>\n            <input type='hidden' name='gform_field_values' value='' \/>\n            \n        <\/div>\n                        <\/form>\n                        <\/div><script type='text\/javascript'> jQuery(document).bind('gform_post_render', function(event, formId, currentPage){if(formId == 2) {if(typeof Placeholders != 'undefined'){\n                        Placeholders.enable();\n                    }} } );jQuery(document).bind('gform_post_conditional_logic', function(event, formId, fields, isInit){} );<\/script><script type='text\/javascript'> jQuery(document).ready(function(){jQuery(document).trigger('gform_post_render', [2, 1]) } ); <\/script><div class=\"fusion-clearfix\"><\/div><\/div><\/div><div  class=\"fusion-layout-column fusion_builder_column fusion_builder_column_1_3 fusion-builder-column-2 fusion-one-third fusion-column-last 1_3\"  style='margin-top:0px;margin-bottom:0px;width:33.33%;width:calc(33.33% - ( ( 4% ) * 0.3333 ) );'><div class=\"fusion-column-wrapper\" style=\"padding: 0px 0px 0px 0px;background-position:left top;background-repeat:no-repeat;-webkit-background-size:cover;-moz-background-size:cover;-o-background-size:cover;background-size:cover;\"   data-bg-url=\"\"><span class=\"fusion-imageframe imageframe-none imageframe-1 hover-type-zoomin\"><img loading=\"lazy\" src=\"https:\/\/supply-optimum.com\/wp-content\/uploads\/2019\/03\/pass-supply-multi-sites-v2.jpg\" width=\"567\" height=\"355\" alt=\"Forfait d&#039;optimisation, conseil et accompagnement Supply Chain, con\u00e7u pour les grandes entreprises multi-sites\" title=\"pass-supply-multi-sites-v2\" class=\"img-responsive wp-image-2513\" srcset=\"https:\/\/supply-optimum.com\/wp-content\/uploads\/2019\/03\/pass-supply-multi-sites-v2-200x125.jpg 200w, https:\/\/supply-optimum.com\/wp-content\/uploads\/2019\/03\/pass-supply-multi-sites-v2-400x250.jpg 400w, https:\/\/supply-optimum.com\/wp-content\/uploads\/2019\/03\/pass-supply-multi-sites-v2.jpg 567w\" sizes=\"(max-width: 960px) 100vw, 400px\" \/><\/span><div class=\"fusion-clearfix\"><\/div><\/div><\/div><\/div><\/div><\/p>\n","protected":false},"excerpt":{"rendered":"","protected":false},"author":2,"featured_media":0,"parent":0,"menu_order":52,"comment_status":"closed","ping_status":"closed","template":"","meta":[],"yst_prominent_words":[75,123,117,269,278,277,271,276,272,273,274,275,57,270],"_links":{"self":[{"href":"https:\/\/supply-optimum.com\/index.php\/wp-json\/wp\/v2\/pages\/2211"}],"collection":[{"href":"https:\/\/supply-optimum.com\/index.php\/wp-json\/wp\/v2\/pages"}],"about":[{"href":"https:\/\/supply-optimum.com\/index.php\/wp-json\/wp\/v2\/types\/page"}],"author":[{"embeddable":true,"href":"https:\/\/supply-optimum.com\/index.php\/wp-json\/wp\/v2\/users\/2"}],"replies":[{"embeddable":true,"href":"https:\/\/supply-optimum.com\/index.php\/wp-json\/wp\/v2\/comments?post=2211"}],"version-history":[{"count":5,"href":"https:\/\/supply-optimum.com\/index.php\/wp-json\/wp\/v2\/pages\/2211\/revisions"}],"predecessor-version":[{"id":2515,"href":"https:\/\/supply-optimum.com\/index.php\/wp-json\/wp\/v2\/pages\/2211\/revisions\/2515"}],"wp:attachment":[{"href":"https:\/\/supply-optimum.com\/index.php\/wp-json\/wp\/v2\/media?parent=2211"}],"wp:term":[{"taxonomy":"yst_prominent_words","embeddable":true,"href":"https:\/\/supply-optimum.com\/index.php\/wp-json\/wp\/v2\/yst_prominent_words?post=2211"}],"curies":[{"name":"wp","href":"https:\/\/api.w.org\/{rel}","templated":true}]}}