{"id":2516,"date":"2019-04-30T07:53:59","date_gmt":"2019-04-30T05:53:59","guid":{"rendered":"https:\/\/supply-optimum.com\/?page_id=2516"},"modified":"2022-02-26T11:32:57","modified_gmt":"2022-02-26T10:32:57","slug":"solutions-optimisation-logistique-supply-chain","status":"publish","type":"page","link":"https:\/\/supply-optimum.com\/index.php\/solutions-optimisation-logistique-supply-chain\/","title":{"rendered":"SOLUTIONS"},"content":{"rendered":"<p><div class=\"fusion-fullwidth fullwidth-box fusion-builder-row-1 nonhundred-percent-fullwidth non-hundred-percent-height-scrolling\"  style='background-color: rgba(255,255,255,0);background-position: center center;background-repeat: no-repeat;padding-top:0px;padding-right:0px;padding-bottom:0px;padding-left:0px;'><div class=\"fusion-builder-row fusion-row \"><div  class=\"fusion-layout-column fusion_builder_column fusion_builder_column_1_1 fusion-builder-column-0 fusion-one-full fusion-column-first fusion-column-last 1_1\"  style='margin-top:0px;margin-bottom:0px;'><div class=\"fusion-column-wrapper\" style=\"padding: 0px 0px 0px 0px;background-position:left top;background-repeat:no-repeat;-webkit-background-size:cover;-moz-background-size:cover;-o-background-size:cover;background-size:cover;\"   data-bg-url=\"\"><div class=\"fusion-text\"><h2>Solutions d&rsquo;optimisation de votre cha\u00eene logistique<\/h2>\n<\/div><div class=\"fusion-clearfix\"><\/div><\/div><\/div><\/div><\/div><div class=\"fusion-fullwidth fullwidth-box fusion-builder-row-2 nonhundred-percent-fullwidth non-hundred-percent-height-scrolling\"  style='background-color: rgba(255,255,255,0);background-position: center center;background-repeat: no-repeat;padding-top:0px;padding-right:0px;padding-bottom:0px;padding-left:0px;'><div class=\"fusion-builder-row fusion-row \"><div  class=\"fusion-layout-column fusion_builder_column fusion_builder_column_2_3 fusion-builder-column-1 fusion-two-third fusion-column-first 2_3\"  style='margin-top:0px;margin-bottom:0px;width:66.66%;width:calc(66.66% - ( ( 4% ) * 0.6666 ) );margin-right: 4%;'><div class=\"fusion-column-wrapper\" style=\"padding: 0px 0px 0px 0px;background-position:left top;background-repeat:no-repeat;-webkit-background-size:cover;-moz-background-size:cover;-o-background-size:cover;background-size:cover;\"   data-bg-url=\"\"><div class=\"fusion-text\"><p>Nous vous proposons des abonnements sur mesure de conseil et d&rsquo;accompagnement pour optimiser votre cha\u00eene logistique. Et ce, quelle que soit la taille de votre entreprise.<\/p>\n<p><strong>Savez-vous &#8211; selon le r\u00e9f\u00e9rentiel <a href=\"https:\/\/www.francesupplychain.org\/\" target=\"_blank\" rel=\"noopener noreferrer\">FRANCE SUPPLY CHAIN<\/a> &#8211;\u00a0 que la maturit\u00e9 moyenne de la Supply Chain en France, tous secteurs confondus, est de 2,3 points sur 4 ?<\/strong> Les grands groupes, quant \u00e0 eux, se situent \u00e0 2,8 points ! Ce qui veut dire que votre entreprise peut certainement r\u00e9aliser des progr\u00e8s cons\u00e9quents. Avec nos solutions de conseil et d&rsquo;accompagnement, gagnez en efficacit\u00e9, r\u00e9duisez vos pertes, \u00e9conomisez votre tr\u00e9sorerie et adoptez des processus plus respectueux de l&rsquo;environnement.<\/p>\n<\/div><div class=\"fusion-text\"><h2>D\u00e9couvrez nos solutions sur mesure :<\/h2>\n<\/div><div class=\"fusion-clearfix\"><\/div><\/div><\/div><div  class=\"fusion-layout-column fusion_builder_column fusion_builder_column_1_3 fusion-builder-column-2 fusion-one-third fusion-column-last 1_3\"  style='margin-top:0px;margin-bottom:0px;width:33.33%;width:calc(33.33% - ( ( 4% ) * 0.3333 ) );'><div class=\"fusion-column-wrapper\" style=\"padding: 0px 0px 0px 0px;background-position:left top;background-repeat:no-repeat;-webkit-background-size:cover;-moz-background-size:cover;-o-background-size:cover;background-size:cover;\"   data-bg-url=\"\"><span class=\"fusion-imageframe imageframe-none imageframe-1 hover-type-zoomin\"><img loading=\"lazy\" src=\"https:\/\/supply-optimum.com\/wp-content\/uploads\/2020\/02\/thumb-solutions.jpg\" width=\"800\" height=\"722\" alt=\"Audit Supply Chain, R\u00e9f\u00e9rentiel d\u2019\u00e9valuation logistique ASLOG, performance Supply Chain, Recommandations et plan de progr\u00e8s, Consultations ouvertes \u00e0 tous les employ\u00e9s, solutions pour TPE \/ PME\" title=\"thumb-solutions\" class=\"img-responsive wp-image-3320\" srcset=\"https:\/\/supply-optimum.com\/wp-content\/uploads\/2020\/02\/thumb-solutions-200x181.jpg 200w, https:\/\/supply-optimum.com\/wp-content\/uploads\/2020\/02\/thumb-solutions-400x361.jpg 400w, https:\/\/supply-optimum.com\/wp-content\/uploads\/2020\/02\/thumb-solutions-600x542.jpg 600w, https:\/\/supply-optimum.com\/wp-content\/uploads\/2020\/02\/thumb-solutions.jpg 800w\" sizes=\"(max-width: 960px) 100vw, 400px\" \/><\/span><div class=\"fusion-clearfix\"><\/div><\/div><\/div><\/div><\/div><style type=\"text\/css\">.fusion-fullwidth.fusion-builder-row-2 a:not(.fusion-button):not(.fusion-builder-module-control):not(.fusion-social-network-icon):not(.fb-icon-element):not(.fusion-countdown-link):not(.fusion-rollover-link):not(.fusion-rollover-gallery):not(.add_to_cart_button):not(.show_details_button):not(.product_type_external):not(.fusion-quick-view):not(.fusion-rollover-title-link) , .fusion-fullwidth.fusion-builder-row-2 a:not(.fusion-button):not(.fusion-builder-module-control):not(.fusion-social-network-icon):not(.fb-icon-element):not(.fusion-countdown-link):not(.fusion-rollover-link):not(.fusion-rollover-gallery):not(.add_to_cart_button):not(.show_details_button):not(.product_type_external):not(.fusion-quick-view):not(.fusion-rollover-title-link):before, .fusion-fullwidth.fusion-builder-row-2 a:not(.fusion-button):not(.fusion-builder-module-control):not(.fusion-social-network-icon):not(.fb-icon-element):not(.fusion-countdown-link):not(.fusion-rollover-link):not(.fusion-rollover-gallery):not(.add_to_cart_button):not(.show_details_button):not(.product_type_external):not(.fusion-quick-view):not(.fusion-rollover-title-link):after {color: #35b1e4;}.fusion-fullwidth.fusion-builder-row-2 a:not(.fusion-button):not(.fusion-builder-module-control):not(.fusion-social-network-icon):not(.fb-icon-element):not(.fusion-countdown-link):not(.fusion-rollover-link):not(.fusion-rollover-gallery):not(.add_to_cart_button):not(.show_details_button):not(.product_type_external):not(.fusion-quick-view):not(.fusion-rollover-title-link):hover, .fusion-fullwidth.fusion-builder-row-2 a:not(.fusion-button):not(.fusion-builder-module-control):not(.fusion-social-network-icon):not(.fb-icon-element):not(.fusion-countdown-link):not(.fusion-rollover-link):not(.fusion-rollover-gallery):not(.add_to_cart_button):not(.show_details_button):not(.product_type_external):not(.fusion-quick-view):not(.fusion-rollover-title-link):hover:before, .fusion-fullwidth.fusion-builder-row-2 a:not(.fusion-button):not(.fusion-builder-module-control):not(.fusion-social-network-icon):not(.fb-icon-element):not(.fusion-countdown-link):not(.fusion-rollover-link):not(.fusion-rollover-gallery):not(.add_to_cart_button):not(.show_details_button):not(.product_type_external):not(.fusion-quick-view):not(.fusion-rollover-title-link):hover:after {color: #2286b1;}.fusion-fullwidth.fusion-builder-row-2 .pagination a.inactive:hover, .fusion-fullwidth.fusion-builder-row-2 .fusion-filters .fusion-filter.fusion-active a {border-color: #2286b1;}.fusion-fullwidth.fusion-builder-row-2 .pagination .current {border-color: #2286b1; background-color: #2286b1;}.fusion-fullwidth.fusion-builder-row-2 .fusion-filters .fusion-filter.fusion-active a, .fusion-fullwidth.fusion-builder-row-2 .fusion-date-and-formats .fusion-format-box, .fusion-fullwidth.fusion-builder-row-2 .fusion-popover, .fusion-fullwidth.fusion-builder-row-2 .tooltip-shortcode {color: #2286b1;}#main .fusion-fullwidth.fusion-builder-row-2 .post .blog-shortcode-post-title a:hover {color: #2286b1;}<\/style><div class=\"fusion-fullwidth fullwidth-box fusion-builder-row-3 nonhundred-percent-fullwidth non-hundred-percent-height-scrolling\"  style='background-color: rgba(255,255,255,0);background-position: center center;background-repeat: no-repeat;padding-top:0px;padding-right:0px;padding-bottom:40px;padding-left:0px;'><div class=\"fusion-builder-row fusion-row \"><div  class=\"fusion-layout-column fusion_builder_column fusion_builder_column_1_3 fusion-builder-column-3 fusion-one-third fusion-column-first 1_3\"  style='margin-top:0px;margin-bottom:0px;width:33.33%;width:calc(33.33% - ( ( 4% + 4% ) * 0.3333 ) );margin-right: 4%;'><div class=\"fusion-column-wrapper\" style=\"padding: 0px 0px 0px 0px;background-position:left top;background-repeat:no-repeat;-webkit-background-size:cover;-moz-background-size:cover;-o-background-size:cover;background-size:cover;\"   data-bg-url=\"\"><span class=\"fusion-imageframe imageframe-none imageframe-2 hover-type-zoomin\"><a class=\"fusion-no-lightbox\" href=\"https:\/\/supply-optimum.com\/index.php\/produit\/forfait-supply-online\/\" target=\"_self\" aria-label=\"pass-supply-online-v2\"><img loading=\"lazy\" src=\"https:\/\/supply-optimum.com\/wp-content\/uploads\/2019\/03\/pass-supply-online-v2.jpg\" width=\"567\" height=\"355\" alt=\"Forfait d&#039;optimisation, conseil et accompagnement Supply Chain, con\u00e7u pour les TPE \/ PME\" class=\"img-responsive wp-image-2510\" srcset=\"https:\/\/supply-optimum.com\/wp-content\/uploads\/2019\/03\/pass-supply-online-v2-200x125.jpg 200w, https:\/\/supply-optimum.com\/wp-content\/uploads\/2019\/03\/pass-supply-online-v2-400x250.jpg 400w, https:\/\/supply-optimum.com\/wp-content\/uploads\/2019\/03\/pass-supply-online-v2.jpg 567w\" sizes=\"(max-width: 960px) 100vw, 400px\" \/><\/a><\/span><div class=\"fusion-text\"><div class=\"product-details\">\n<div class=\"product-details-container\">\n<h3 class=\"product-title\" data-fontsize=\"18\" data-lineheight=\"27\"><a href=\"\/index.php\/produit\/forfait-supply-online\/\">Forfait Supply Online<\/a><br \/>\n<span style=\"font-size: 13px;\">Abonnement 180\u20ac \/ mois pendant 12 mois<\/span><\/h3>\n<\/div>\n<\/div>\n<\/div><div class=\"fusion-sep-clear\"><\/div><div class=\"fusion-separator fusion-full-width-sep sep-single sep-solid\" style=\"border-color:#dbdbdb;border-top-width:1px;margin-left: auto;margin-right: auto;margin-top:15px;margin-bottom:15px;\"><\/div><div class=\"fusion-text\"><p>. Abonnement annuel de conseil Supply Chain<br \/>\n. Consultations ouvertes \u00e0 tous les employ\u00e9s<br \/>\n. Echanges personnalis\u00e9s<br \/>\n. Bilan d\u2019une \u00bd journ\u00e9e en entreprise<\/p>\n<\/div><div class=\"fusion-button-wrapper\"><style type=\"text\/css\">.fusion-button.button-1 {border-radius:25px;}<\/style><a class=\"fusion-button button-flat fusion-button-default-size button-default button-1 fusion-button-default-span fusion-button-default-type\" target=\"_self\" href=\"\/index.php\/produit\/forfait-supply-online\/\"><span class=\"fusion-button-text\">En savoir plus<\/span><\/a><\/div><div class=\"fusion-clearfix\"><\/div><\/div><\/div><div  class=\"fusion-layout-column fusion_builder_column fusion_builder_column_1_3 fusion-builder-column-4 fusion-one-third 1_3\"  style='margin-top:0px;margin-bottom:0px;width:33.33%;width:calc(33.33% - ( ( 4% + 4% ) * 0.3333 ) );margin-right: 4%;'><div class=\"fusion-column-wrapper\" style=\"padding: 0px 0px 0px 0px;background-position:left top;background-repeat:no-repeat;-webkit-background-size:cover;-moz-background-size:cover;-o-background-size:cover;background-size:cover;\"   data-bg-url=\"\"><span class=\"fusion-imageframe imageframe-none imageframe-3 hover-type-zoomin\"><a class=\"fusion-no-lightbox\" href=\"\/index.php\/produit\/forfait-supply-premium\/\" target=\"_self\" aria-label=\"pass-supply-premium-v2\"><img loading=\"lazy\" src=\"https:\/\/supply-optimum.com\/wp-content\/uploads\/2019\/03\/pass-supply-premium-v2.jpg\" width=\"567\" height=\"355\" alt=\"Forfait d&#039;optimisation, conseil et accompagnement Supply Chain, con\u00e7u pour les grandes entreprises\" class=\"img-responsive wp-image-2512\" srcset=\"https:\/\/supply-optimum.com\/wp-content\/uploads\/2019\/03\/pass-supply-premium-v2-200x125.jpg 200w, https:\/\/supply-optimum.com\/wp-content\/uploads\/2019\/03\/pass-supply-premium-v2-400x250.jpg 400w, https:\/\/supply-optimum.com\/wp-content\/uploads\/2019\/03\/pass-supply-premium-v2.jpg 567w\" sizes=\"(max-width: 960px) 100vw, 400px\" \/><\/a><\/span><div class=\"fusion-text\"><div class=\"product-details\">\n<div class=\"product-details-container\">\n<h3 class=\"product-title\" data-fontsize=\"18\" data-lineheight=\"27\"><a href=\"\/index.php\/produit\/forfait-supply-premium\/\"> Forfait Supply Premium<\/a><br \/>\n<span style=\"font-size: 13px;\">Abonnement sur mesure<br \/>\n<\/span><\/h3>\n<\/div>\n<\/div>\n<\/div><div class=\"fusion-sep-clear\"><\/div><div class=\"fusion-separator fusion-full-width-sep sep-single sep-solid\" style=\"border-color:#dbdbdb;border-top-width:1px;margin-left: auto;margin-right: auto;margin-top:15px;margin-bottom:15px;\"><\/div><div class=\"fusion-text\"><p>. Audit Supply Chain<br \/>\n. R\u00e9f\u00e9rentiel d\u2019\u00e9valuation logistique ASLOG.<br \/>\n. Evaluation du niveau de performance<br \/>\n<span style=\"color: #ffffff;\">_<\/span>de votre Supply Chain<br \/>\n. Recommandations et plan de progr\u00e8s<br \/>\n. Abonnement annuel de conseil Supply Chain<br \/>\n. Consultations ouvertes \u00e0 tous les employ\u00e9s<br \/>\n. Echanges personnalis\u00e9s<\/p>\n<\/div><div class=\"fusion-button-wrapper\"><style type=\"text\/css\">.fusion-button.button-2 {border-radius:25px;}<\/style><a class=\"fusion-button button-flat fusion-button-default-size button-default button-2 fusion-button-default-span fusion-button-default-type\" target=\"_self\" href=\"\/index.php\/produit\/forfait-supply-premium\/\"><span class=\"fusion-button-text\">En savoir plus<\/span><\/a><\/div><div class=\"fusion-clearfix\"><\/div><\/div><\/div><div  class=\"fusion-layout-column fusion_builder_column fusion_builder_column_1_3 fusion-builder-column-5 fusion-one-third fusion-column-last 1_3\"  style='margin-top:0px;margin-bottom:0px;width:33.33%;width:calc(33.33% - ( ( 4% + 4% ) * 0.3333 ) );'><div class=\"fusion-column-wrapper\" style=\"padding: 0px 0px 0px 0px;background-position:left top;background-repeat:no-repeat;-webkit-background-size:cover;-moz-background-size:cover;-o-background-size:cover;background-size:cover;\"   data-bg-url=\"\"><span class=\"fusion-imageframe imageframe-none imageframe-4 hover-type-zoomin\"><a class=\"fusion-no-lightbox\" href=\"\/index.php\/produit\/forfait-supply-multisites\/\" target=\"_self\" aria-label=\"pass-supply-multi-sites-v2\"><img loading=\"lazy\" src=\"https:\/\/supply-optimum.com\/wp-content\/uploads\/2019\/03\/pass-supply-multi-sites-v2.jpg\" width=\"567\" height=\"355\" alt=\"Forfait d&#039;optimisation, conseil et accompagnement Supply Chain, con\u00e7u pour les grandes entreprises multi-sites\" class=\"img-responsive wp-image-2513\" srcset=\"https:\/\/supply-optimum.com\/wp-content\/uploads\/2019\/03\/pass-supply-multi-sites-v2-200x125.jpg 200w, https:\/\/supply-optimum.com\/wp-content\/uploads\/2019\/03\/pass-supply-multi-sites-v2-400x250.jpg 400w, https:\/\/supply-optimum.com\/wp-content\/uploads\/2019\/03\/pass-supply-multi-sites-v2.jpg 567w\" sizes=\"(max-width: 960px) 100vw, 400px\" \/><\/a><\/span><div class=\"fusion-text\"><div class=\"product-details\">\n<div class=\"product-details-container\">\n<h3 class=\"product-title\" data-fontsize=\"18\" data-lineheight=\"27\"><a href=\"\/index.php\/produit\/forfait-supply-multisites\/\"> Forfait Supply Multi-sites<\/a><br \/>\n<span style=\"font-size: 13px;\">Abonnement sur mesure<br \/>\n<\/span><\/h3>\n<\/div>\n<\/div>\n<\/div><div class=\"fusion-sep-clear\"><\/div><div class=\"fusion-separator fusion-full-width-sep sep-single sep-solid\" style=\"border-color:#dbdbdb;border-top-width:1px;margin-left: auto;margin-right: auto;margin-top:15px;margin-bottom:15px;\"><\/div><div class=\"fusion-text\"><p>. Audit Supply Chain sur plusieurs sites<br \/>\n. R\u00e9f\u00e9rentiel d\u2019\u00e9valuation logistique ASLOG<br \/>\n. Evaluation du niveau de performance<br \/>\n<span style=\"color: #ffffff;\">_<\/span>de votre Supply Chain<br \/>\n. Recommandations et plan de progr\u00e8s<br \/>\n. Abonnement annuel de conseil Supply Chain<br \/>\n. Consultations ouvertes \u00e0 tous les employ\u00e9s<br \/>\n. Echanges personnalis\u00e9s<\/p>\n<\/div><div class=\"fusion-button-wrapper\"><style type=\"text\/css\">.fusion-button.button-3 {border-radius:25px;}<\/style><a class=\"fusion-button button-flat fusion-button-default-size button-default button-3 fusion-button-default-span fusion-button-default-type\" target=\"_self\" href=\"\/index.php\/produit\/forfait-supply-multisites\/\"><span class=\"fusion-button-text\">En savoir plus<\/span><\/a><\/div><div class=\"fusion-clearfix\"><\/div><\/div><\/div><\/div><\/div><\/p>\n","protected":false},"excerpt":{"rendered":"","protected":false},"author":2,"featured_media":0,"parent":0,"menu_order":3,"comment_status":"closed","ping_status":"closed","template":"","meta":[],"yst_prominent_words":[347,336,334,343,337,335,344,67,348,340,346,408,407,341,117,339,342,345,338,409],"_links":{"self":[{"href":"https:\/\/supply-optimum.com\/index.php\/wp-json\/wp\/v2\/pages\/2516"}],"collection":[{"href":"https:\/\/supply-optimum.com\/index.php\/wp-json\/wp\/v2\/pages"}],"about":[{"href":"https:\/\/supply-optimum.com\/index.php\/wp-json\/wp\/v2\/types\/page"}],"author":[{"embeddable":true,"href":"https:\/\/supply-optimum.com\/index.php\/wp-json\/wp\/v2\/users\/2"}],"replies":[{"embeddable":true,"href":"https:\/\/supply-optimum.com\/index.php\/wp-json\/wp\/v2\/comments?post=2516"}],"version-history":[{"count":45,"href":"https:\/\/supply-optimum.com\/index.php\/wp-json\/wp\/v2\/pages\/2516\/revisions"}],"predecessor-version":[{"id":4103,"href":"https:\/\/supply-optimum.com\/index.php\/wp-json\/wp\/v2\/pages\/2516\/revisions\/4103"}],"wp:attachment":[{"href":"https:\/\/supply-optimum.com\/index.php\/wp-json\/wp\/v2\/media?parent=2516"}],"wp:term":[{"taxonomy":"yst_prominent_words","embeddable":true,"href":"https:\/\/supply-optimum.com\/index.php\/wp-json\/wp\/v2\/yst_prominent_words?post=2516"}],"curies":[{"name":"wp","href":"https:\/\/api.w.org\/{rel}","templated":true}]}}