{"id":29,"date":"2019-01-02T15:51:58","date_gmt":"2019-01-02T14:51:58","guid":{"rendered":"http:\/\/supplyopiw.cluster020.hosting.ovh.net\/?page_id=29"},"modified":"2022-02-26T11:31:59","modified_gmt":"2022-02-26T10:31:59","slug":"a-propos","status":"publish","type":"page","link":"https:\/\/supply-optimum.com\/index.php\/a-propos\/","title":{"rendered":"A PROPOS"},"content":{"rendered":"<p><div class=\"fusion-fullwidth fullwidth-box fusion-builder-row-1 nonhundred-percent-fullwidth non-hundred-percent-height-scrolling\"  style='background-color: rgba(255,255,255,0);background-position: center center;background-repeat: no-repeat;padding-top:0px;padding-right:0px;padding-bottom:40px;padding-left:0px;'><div class=\"fusion-builder-row fusion-row \"><div  class=\"fusion-layout-column fusion_builder_column fusion_builder_column_3_5 fusion-builder-column-0 fusion-three-fifth fusion-column-first 3_5\"  style='margin-top:0px;margin-bottom:0px;width:60%;width:calc(60% - ( ( 4% ) * 0.6 ) );margin-right: 4%;'><div class=\"fusion-column-wrapper\" style=\"padding: 0px 0px 0px 0px;background-position:left top;background-repeat:no-repeat;-webkit-background-size:cover;-moz-background-size:cover;-o-background-size:cover;background-size:cover;\"   data-bg-url=\"\"><div class=\"fusion-text\"><h2 style=\"text-align: left;\">C\u2019est ici que tout commence<span style=\"color: #74c5da;\">.<br \/>\n<\/span><\/h2>\n<\/div><div class=\"fusion-sep-clear\"><\/div><div class=\"fusion-separator sep-single sep-solid\" style=\"border-color:#74c5da;border-top-width:4px;margin-top:;margin-bottom:40px;width:100%;max-width:100px;\"><\/div><div class=\"fusion-text\"><p style=\"text-align: justify;\">Nous sommes en 2016. Nous participons \u00e0 un \u00e9v\u00e9nement au cours duquel l\u2019ASLOG (Association de la Logistique et de la Supply Chain, aujourd&rsquo;hui <a href=\"https:\/\/www.francesupplychain.org\/\" target=\"_blank\" rel=\"noopener noreferrer\">FRANCE SUPPLY CHAIN by ASLOG<\/a>) pr\u00e9sente son \u00ab <strong><em>Benchmark Supply Chain 2020<\/em><\/strong> \u00bb, ainsi que les r\u00e9sultats de l\u2019\u00e9valuation portant sur la maturit\u00e9 de la Supply Chain de 400 entreprises fran\u00e7aises. Notre curiosit\u00e9 est \u00e0 son comble\u2026<\/p>\n<p><strong>Cette \u00e9valuation, sur la base d\u2019une notation allant de 0 \u00e0 4 points, comportait 54 questions autour de 5 th\u00e9matiques\u00a0:<br \/>\n<\/strong>Agilit\u00e9 et r\u00e9silience \/ Omni-canal \/ Digitalisation \/ Responsabilit\u00e9 Sociale des Entreprises \/ Ressources Humaines.<\/p>\n<\/div><div class=\"fusion-clearfix\"><\/div><\/div><\/div><div  class=\"fusion-layout-column fusion_builder_column fusion_builder_column_2_5 fusion-builder-column-1 fusion-two-fifth fusion-column-last 2_5\"  style='margin-top:0px;margin-bottom:0px;width:40%;width:calc(40% - ( ( 4% ) * 0.4 ) );'><div class=\"fusion-column-wrapper\" style=\"padding: 0px 0px 0px 0px;background-position:left top;background-repeat:no-repeat;-webkit-background-size:cover;-moz-background-size:cover;-o-background-size:cover;background-size:cover;\"   data-bg-url=\"\"><span class=\"fusion-imageframe imageframe-none imageframe-1 hover-type-zoomin\"><a class=\"fusion-no-lightbox\" href=\"https:\/\/www.francesupplychain.org\/\" target=\"_blank\" aria-label=\"fsc-by-aslog\" rel=\"noopener noreferrer\"><img loading=\"lazy\" src=\"https:\/\/supply-optimum.com\/wp-content\/uploads\/2022\/02\/fsc-by-aslog.jpg\" width=\"850\" height=\"624\" alt=\"ASLOG : Benchmark Supply Chain 2020\" class=\"img-responsive wp-image-4101\" srcset=\"https:\/\/supply-optimum.com\/wp-content\/uploads\/2022\/02\/fsc-by-aslog-200x147.jpg 200w, https:\/\/supply-optimum.com\/wp-content\/uploads\/2022\/02\/fsc-by-aslog-400x294.jpg 400w, https:\/\/supply-optimum.com\/wp-content\/uploads\/2022\/02\/fsc-by-aslog-600x440.jpg 600w, https:\/\/supply-optimum.com\/wp-content\/uploads\/2022\/02\/fsc-by-aslog-800x587.jpg 800w, https:\/\/supply-optimum.com\/wp-content\/uploads\/2022\/02\/fsc-by-aslog.jpg 850w\" sizes=\"(max-width: 960px) 100vw, 600px\" \/><\/a><\/span><div class=\"fusion-clearfix\"><\/div><\/div><\/div><\/div><\/div><div class=\"fusion-fullwidth fullwidth-box fusion-builder-row-2 nonhundred-percent-fullwidth non-hundred-percent-height-scrolling\"  style='background-color: rgba(255,255,255,0);background-position: center center;background-repeat: no-repeat;padding-top:0px;padding-right:0px;padding-bottom:0px;padding-left:0px;'><div class=\"fusion-builder-row fusion-row \"><div  class=\"fusion-layout-column fusion_builder_column fusion_builder_column_1_1 fusion-builder-column-2 fusion-one-full fusion-column-first fusion-column-last 1_1\"  style='margin-top:0px;margin-bottom:20px;'><div class=\"fusion-column-wrapper\" style=\"padding: 0px 0px 0px 0px;background-position:left top;background-repeat:no-repeat;-webkit-background-size:cover;-moz-background-size:cover;-o-background-size:cover;background-size:cover;\"   data-bg-url=\"\"><div class=\"fusion-text\"><h2>Moyenne Fran\u00e7aise de ma\u00eetrise de la Supply Chain tous secteurs confondus, en d\u00e9tails <span style=\"color: #03a9f4;\">:<\/span><\/h2>\n<\/div><div class=\"fusion-clearfix\"><\/div><\/div><\/div><\/div><\/div><div class=\"fusion-fullwidth fullwidth-box fusion-builder-row-3 nonhundred-percent-fullwidth non-hundred-percent-height-scrolling\"  style='background-color: rgba(255,255,255,0);background-position: center center;background-repeat: no-repeat;padding-top:0px;padding-right:0px;padding-bottom:0px;padding-left:0px;'><div class=\"fusion-builder-row fusion-row \"><div  class=\"fusion-layout-column fusion_builder_column fusion_builder_column_1_5 fusion-builder-column-3 fusion-one-fifth fusion-column-first 1_5\"  style='margin-top:0px;margin-bottom:0px;width:20%;width:calc(20% - ( ( 4% + 4% + 4% + 4% ) * 0.2 ) );margin-right: 4%;'><div class=\"fusion-column-wrapper\" style=\"padding: 0px 0px 0px 0px;background-position:left top;background-repeat:no-repeat;-webkit-background-size:cover;-moz-background-size:cover;-o-background-size:cover;background-size:cover;\"   data-bg-url=\"\"><div class=\"fusion-counters-box counters-box row fusion-clearfix fusion-columns-5\"><div class=\"fusion-counter-box fusion-column col-counter-box counter-box-wrapper col-lg-2 col-md-2 col-sm-2\" data-animationOffset=\"100%\"><div class=\"counter-box-container\" style=\"border: 1px solid #a4dbf4;\"><div class=\"content-box-percentage content-box-counter\" style=\"color:#1d7296;font-size:40px;line-height:normal;\"><i class=\"counter-box-icon fontawesome-icon fa-share-alt fas\" style=\"font-size:32px;\"><\/i><span class=\"display-counter\" data-value=\"2.1\" data-delimiter=\"4\" data-direction=\"up\" data-decimals=\"1\">0<\/span><\/div><div class=\"counter-box-content\" style=\"color:#74c5da;font-size:16px;\">Digital<\/div><\/div><\/div><\/div><div class=\"clearfix\"><\/div><div class=\"fusion-clearfix\"><\/div><\/div><\/div><div  class=\"fusion-layout-column fusion_builder_column fusion_builder_column_1_5 fusion-builder-column-4 fusion-one-fifth 1_5\"  style='margin-top:0px;margin-bottom:0px;width:20%;width:calc(20% - ( ( 4% + 4% + 4% + 4% ) * 0.2 ) );margin-right: 4%;'><div class=\"fusion-column-wrapper\" style=\"padding: 0px 0px 0px 0px;background-position:left top;background-repeat:no-repeat;-webkit-background-size:cover;-moz-background-size:cover;-o-background-size:cover;background-size:cover;\"   data-bg-url=\"\"><div class=\"fusion-counters-box counters-box row fusion-clearfix fusion-columns-5\"><div class=\"fusion-counter-box fusion-column col-counter-box counter-box-wrapper col-lg-2 col-md-2 col-sm-2\" data-animationOffset=\"100%\"><div class=\"counter-box-container\" style=\"border: 1px solid #a4dbf4;\"><div class=\"content-box-percentage content-box-counter\" style=\"color:#1d7296;font-size:40px;line-height:normal;\"><i class=\"counter-box-icon fontawesome-icon fa-chart-bar fas\" style=\"font-size:32px;\"><\/i><span class=\"display-counter\" data-value=\"2.2\" data-delimiter=\"4\" data-direction=\"up\" data-decimals=\"1\">0<\/span><\/div><div class=\"counter-box-content\" style=\"color:#74c5da;font-size:16px;\">OMI-Canal<\/div><\/div><\/div><\/div><div class=\"clearfix\"><\/div><div class=\"fusion-clearfix\"><\/div><\/div><\/div><div  class=\"fusion-layout-column fusion_builder_column fusion_builder_column_1_5 fusion-builder-column-5 fusion-one-fifth 1_5\"  style='margin-top:0px;margin-bottom:0px;width:20%;width:calc(20% - ( ( 4% + 4% + 4% + 4% ) * 0.2 ) );margin-right: 4%;'><div class=\"fusion-column-wrapper\" style=\"padding: 0px 0px 0px 0px;background-position:left top;background-repeat:no-repeat;-webkit-background-size:cover;-moz-background-size:cover;-o-background-size:cover;background-size:cover;\"   data-bg-url=\"\"><div class=\"fusion-counters-box counters-box row fusion-clearfix fusion-columns-5\"><div class=\"fusion-counter-box fusion-column col-counter-box counter-box-wrapper col-lg-2 col-md-2 col-sm-2\" data-animationOffset=\"100%\"><div class=\"counter-box-container\" style=\"border: 1px solid #a4dbf4;\"><div class=\"content-box-percentage content-box-counter\" style=\"color:#1d7296;font-size:40px;line-height:normal;\"><i class=\"counter-box-icon fontawesome-icon fa-bookmark fas\" style=\"font-size:32px;\"><\/i><span class=\"display-counter\" data-value=\"2.3\" data-delimiter=\"4\" data-direction=\"up\" data-decimals=\"1\">0<\/span><\/div><div class=\"counter-box-content\" style=\"color:#74c5da;font-size:16px;\">RSE<\/div><\/div><\/div><\/div><div class=\"clearfix\"><\/div><div class=\"fusion-clearfix\"><\/div><\/div><\/div><div  class=\"fusion-layout-column fusion_builder_column fusion_builder_column_1_5 fusion-builder-column-6 fusion-one-fifth 1_5\"  style='margin-top:0px;margin-bottom:0px;width:20%;width:calc(20% - ( ( 4% + 4% + 4% + 4% ) * 0.2 ) );margin-right: 4%;'><div class=\"fusion-column-wrapper\" style=\"padding: 0px 0px 0px 0px;background-position:left top;background-repeat:no-repeat;-webkit-background-size:cover;-moz-background-size:cover;-o-background-size:cover;background-size:cover;\"   data-bg-url=\"\"><div class=\"fusion-counters-box counters-box row fusion-clearfix fusion-columns-5\"><div class=\"fusion-counter-box fusion-column col-counter-box counter-box-wrapper col-lg-2 col-md-2 col-sm-2\" data-animationOffset=\"100%\"><div class=\"counter-box-container\" style=\"border: 1px solid #a4dbf4;\"><div class=\"content-box-percentage content-box-counter\" style=\"color:#1d7296;font-size:40px;line-height:normal;\"><i class=\"counter-box-icon fontawesome-icon fa-users fas\" style=\"font-size:32px;\"><\/i><span class=\"display-counter\" data-value=\"2.3\" data-delimiter=\"4\" data-direction=\"up\" data-decimals=\"1\">0<\/span><\/div><div class=\"counter-box-content\" style=\"color:#74c5da;font-size:16px;\">RH<\/div><\/div><\/div><\/div><div class=\"clearfix\"><\/div><div class=\"fusion-clearfix\"><\/div><\/div><\/div><div  class=\"fusion-layout-column fusion_builder_column fusion_builder_column_1_5 fusion-builder-column-7 fusion-one-fifth fusion-column-last 1_5\"  style='margin-top:0px;margin-bottom:0px;width:20%;width:calc(20% - ( ( 4% + 4% + 4% + 4% ) * 0.2 ) );'><div class=\"fusion-column-wrapper\" style=\"padding: 0px 0px 0px 0px;background-position:left top;background-repeat:no-repeat;-webkit-background-size:cover;-moz-background-size:cover;-o-background-size:cover;background-size:cover;\"   data-bg-url=\"\"><div class=\"fusion-counters-box counters-box row fusion-clearfix fusion-columns-5\"><div class=\"fusion-counter-box fusion-column col-counter-box counter-box-wrapper col-lg-2 col-md-2 col-sm-2\" data-animationOffset=\"100%\"><div class=\"counter-box-container\" style=\"border: 1px solid #a4dbf4;\"><div class=\"content-box-percentage content-box-counter\" style=\"color:#1d7296;font-size:40px;line-height:normal;\"><i class=\"counter-box-icon fontawesome-icon fa-sliders-h fas\" style=\"font-size:32px;\"><\/i><span class=\"display-counter\" data-value=\"2.5\" data-delimiter=\"4\" data-direction=\"up\" data-decimals=\"1\">0<\/span><\/div><div class=\"counter-box-content\" style=\"color:#74c5da;font-size:16px;\">Agilit\u00e9<\/div><\/div><\/div><\/div><div class=\"clearfix\"><\/div><div class=\"fusion-clearfix\"><\/div><\/div><\/div><\/div><\/div><div class=\"fusion-fullwidth fullwidth-box fusion-builder-row-4 nonhundred-percent-fullwidth non-hundred-percent-height-scrolling\"  style='background-color: rgba(255,255,255,0);background-position: center center;background-repeat: no-repeat;padding-top:0px;padding-right:0px;padding-bottom:0px;padding-left:0px;'><div class=\"fusion-builder-row fusion-row \"><div  class=\"fusion-layout-column fusion_builder_column fusion_builder_column_1_1 fusion-builder-column-8 fusion-one-full fusion-column-first fusion-column-last 1_1\"  style='margin-top:0px;margin-bottom:0px;'><div class=\"fusion-column-wrapper\" style=\"padding: 0px 0px 0px 0px;background-position:left top;background-repeat:no-repeat;-webkit-background-size:cover;-moz-background-size:cover;-o-background-size:cover;background-size:cover;\"   data-bg-url=\"\"><div class=\"fusion-sep-clear\"><\/div><div class=\"fusion-separator fusion-full-width-sep sep-none\" style=\"margin-left: auto;margin-right: auto;margin-top:;margin-bottom:20px;\"><\/div><div class=\"fusion-text\"><p style=\"text-align: justify;\">Les r\u00e9sultats de cette \u00e9valuation sont sans appel : la maturit\u00e9 moyenne de la Supply Chain en France, tous secteurs confondus, est de 2,3 points sur 4.<br \/>\nLes grands groupes, quant \u00e0 eux, se situent \u00e0 2,8 points !<\/p>\n<p style=\"text-align: justify;\"><strong>Mais alors, si les grandes organisations obtiennent un tel score, quel est le niveau exact de maturit\u00e9 des ETI, PME et TPE en France ?<\/strong><\/p>\n<h3 style=\"text-align: justify;\">Quoi qu\u2019il en soit, le constat est l\u00e0. Et la marge de progression immense. Notre envie d\u2019accompagner ces entreprises dans la mise en place d\u2019un syst\u00e8me de pilotage efficace afin d\u2019am\u00e9liorer la performance de leur Supply Chain vient de prendre forme.<\/h3>\n<\/div><div class=\"fusion-sep-clear\"><\/div><div class=\"fusion-separator fusion-full-width-sep sep-none\" style=\"margin-left: auto;margin-right: auto;margin-top:;margin-bottom:20px;\"><\/div><div class=\"fusion-clearfix\"><\/div><\/div><\/div><\/div><\/div><div class=\"fusion-fullwidth fullwidth-box fusion-builder-row-5 nonhundred-percent-fullwidth non-hundred-percent-height-scrolling fusion-equal-height-columns\"  style='background-color: #f9f9f9;background-position: center center;background-repeat: no-repeat;padding-top:20px;padding-right:0px;padding-bottom:40px;padding-left:0px;'><div class=\"fusion-builder-row fusion-row \"><div  class=\"fusion-layout-column fusion_builder_column fusion_builder_column_1_4 fusion-builder-column-9 fusion-one-fourth fusion-column-first 1_4\"  style='margin-top:0px;margin-bottom:0px;width:25%;width:calc(25% - ( ( 4% ) * 0.25 ) );margin-right: 4%;'><div class=\"fusion-column-wrapper\" style=\"padding: 0px 0px 0px 0px;background-position:left top;background-repeat:no-repeat;-webkit-background-size:cover;-moz-background-size:cover;-o-background-size:cover;background-size:cover;\"   data-bg-url=\"\"><span class=\"fusion-imageframe imageframe-none imageframe-2 hover-type-zoomin\"><img loading=\"lazy\" src=\"https:\/\/supply-optimum.com\/wp-content\/uploads\/2019\/04\/roser.png\" width=\"318\" height=\"318\" alt=\"Roser ARPON - Fondatrice &amp; CEO de Supply Optimum\" title=\"roser\" class=\"img-responsive wp-image-2494\" srcset=\"https:\/\/supply-optimum.com\/wp-content\/uploads\/2019\/04\/roser-200x200.png 200w, https:\/\/supply-optimum.com\/wp-content\/uploads\/2019\/04\/roser.png 318w\" sizes=\"(max-width: 960px) 100vw, 318px\" \/><\/span><div class=\"fusion-clearfix\"><\/div><\/div><\/div><div  class=\"fusion-layout-column fusion_builder_column fusion_builder_column_3_4 fusion-builder-column-10 fusion-three-fourth fusion-column-last 3_4\"  style='margin-top:10px;margin-bottom:10px;width:75%;width:calc(75% - ( ( 4% ) * 0.75 ) );'><div class=\"fusion-column-wrapper\" style=\"padding: 0px 0px 0px 0px;background-position:left top;background-repeat:no-repeat;-webkit-background-size:cover;-moz-background-size:cover;-o-background-size:cover;background-size:cover;\"   data-bg-url=\"\"><div class=\"fusion-column-content-centered\"><div class=\"fusion-column-content\"><div class=\"fusion-text\"><h3 style=\"text-align: justify;\">Roser ARPON est la fondatrice de Supply Optimum. Elle accompagne les ETI, PME, TPE dans les projets d\u2019am\u00e9lioration et de transformation de leur Supply Chain.<\/h3>\n<\/div><div class=\"fusion-text\"><p style=\"text-align: justify;\">Dipl\u00f4m\u00e9e de l\u2019ESSEC et certifi\u00e9e Audit Logistique de <a href=\"https:\/\/www.francesupplychain.org\/\" target=\"_blank\" rel=\"noopener noreferrer\">FRANCE SUPPLY CHAIN<\/a>, elle a confirm\u00e9 son expertise de la Supply Chain au sein de Toshiba France comme Responsable Supply Chain des activit\u00e9s audiovisuelles et informatiques pendant plus de 15 ans. Avant cela, elle a d\u00e9velopp\u00e9 une exp\u00e9rience op\u00e9rationnelle de la relation clients dans l\u2019\u00e9lectronique Grand Public (Marantz \/Harman Kardon) et dans le m\u00e9dical (Soci\u00e9t\u00e9 d\u2019Orthodontie Fran\u00e7aise SOF\/GAC).<\/p>\n<p><a href=\"https:\/\/www.linkedin.com\/in\/roserarpon\/\" target=\"_blank\" rel=\"noopener noreferrer\"><i class=\"fb-icon-element-1 fb-icon-element fontawesome-icon fa-linkedin fab circle-yes fusion-text-flow\" style=\"font-size:28.16px;line-height:54.32px;height:56.32px;width:56.32px;border-width:1px;margin-right:16px;\"><\/i><style>i.fontawesome-icon.fb-icon-element-1{ color: #ffffff; background-color: #1d7296; border-color: #1d7296;}i.fontawesome-icon.fb-icon-element-1:hover { color: #ffffff; background-color: #1d7296; border-color: #1d7296;}<\/style> Retrouvez Roser ARPON sur LinkedIN<\/a><\/p>\n<\/div><\/div><\/div><div class=\"fusion-clearfix\"><\/div><\/div><\/div><\/div><\/div><div class=\"fusion-fullwidth fullwidth-box fusion-builder-row-6 fusion-parallax-none nonhundred-percent-fullwidth non-hundred-percent-height-scrolling fusion-equal-height-columns\"  style='background-color: #0f5471;background-image: url(\"https:\/\/supply-optimum.com\/wp-content\/uploads\/2016\/11\/call2action-background.jpg\");background-position: center top;background-repeat: no-repeat;padding-top:90px;padding-right:0px;padding-bottom:90px;padding-left:0px;border-top-width:0px;border-bottom-width:0px;border-color:#ffffff;border-top-style:solid;border-bottom-style:solid;-webkit-background-size:cover;-moz-background-size:cover;-o-background-size:cover;background-size:cover;'><div class=\"fusion-builder-row fusion-row \"><div  class=\"fusion-layout-column fusion_builder_column fusion_builder_column_2_3 fusion-builder-column-11 fusion-two-third fusion-column-first 2_3\"  style='margin-top:15px;margin-bottom:15px;width:65.3333%; margin-right: 4%;'><div class=\"fusion-column-wrapper\" style=\"border-left:10px solid #74c5da;padding: 0px 30px 0px 30px;background-position:left top;background-repeat:no-repeat;-webkit-background-size:cover;-moz-background-size:cover;-o-background-size:cover;background-size:cover;\"   data-bg-url=\"\"><div class=\"fusion-column-content-centered\"><div class=\"fusion-column-content\"><div class=\"fusion-text\"><h2 style=\"color: #fff; margin: 0;\"><span style=\"font-size: 190%; line-height: 1;\">Notre expertise<\/span><br \/>\nFaire de chaque maillon une force <span style=\"color: #74c5da;\">!<\/span><\/h2>\n<\/div><\/div><\/div><div class=\"fusion-clearfix\"><\/div><\/div><\/div><div  class=\"fusion-layout-column fusion_builder_column fusion_builder_column_1_3 fusion-builder-column-12 fusion-one-third fusion-column-last 1_3\"  style='margin-top:15px;margin-bottom:15px;width:30.6666%'><div class=\"fusion-column-wrapper\" style=\"padding: 0px 0px 0px 0px;background-position:left top;background-repeat:no-repeat;-webkit-background-size:cover;-moz-background-size:cover;-o-background-size:cover;background-size:cover;\"   data-bg-url=\"\"><div class=\"fusion-column-content-centered\"><div class=\"fusion-column-content\"><div class=\"fusion-button-wrapper\"><style type=\"text\/css\">.fusion-button.button-1 .fusion-button-text, .fusion-button.button-1 i {color:#092933;}.fusion-button.button-1 .fusion-button-icon-divider{border-color:#092933;}.fusion-button.button-1:hover .fusion-button-text, .fusion-button.button-1:hover i,.fusion-button.button-1:focus .fusion-button-text, .fusion-button.button-1:focus i,.fusion-button.button-1:active .fusion-button-text, .fusion-button.button-1:active{color:#ffffff;}.fusion-button.button-1:hover .fusion-button-icon-divider, .fusion-button.button-1:hover .fusion-button-icon-divider, .fusion-button.button-1:active .fusion-button-icon-divider{border-color:#ffffff;}.fusion-button.button-1:hover, .fusion-button.button-1:focus, .fusion-button.button-1:active{border-color:#ffffff;}.fusion-button.button-1 {border-color:#092933;border-radius:25px;}.fusion-button.button-1{background: #ffffff;}.fusion-button.button-1:hover,.button-1:focus,.fusion-button.button-1:active{background: #4cc7e8;}<\/style><a class=\"fusion-button button-flat button-xlarge button-custom button-1 fusion-button-default-span fusion-button-default-type\" target=\"_self\" href=\"\/index.php\/expertise\/\"><span class=\"fusion-button-text\">En savoir plus<\/span><\/a><\/div><\/div><\/div><div class=\"fusion-clearfix\"><\/div><\/div><\/div><\/div><\/div><\/p>\n","protected":false},"excerpt":{"rendered":"","protected":false},"author":2,"featured_media":0,"parent":0,"menu_order":4,"comment_status":"closed","ping_status":"closed","template":"100-width.php","meta":[],"yst_prominent_words":[245,249,86,250,241,244,247,90,50,242,246,251,49,243,101,248,240],"_links":{"self":[{"href":"https:\/\/supply-optimum.com\/index.php\/wp-json\/wp\/v2\/pages\/29"}],"collection":[{"href":"https:\/\/supply-optimum.com\/index.php\/wp-json\/wp\/v2\/pages"}],"about":[{"href":"https:\/\/supply-optimum.com\/index.php\/wp-json\/wp\/v2\/types\/page"}],"author":[{"embeddable":true,"href":"https:\/\/supply-optimum.com\/index.php\/wp-json\/wp\/v2\/users\/2"}],"replies":[{"embeddable":true,"href":"https:\/\/supply-optimum.com\/index.php\/wp-json\/wp\/v2\/comments?post=29"}],"version-history":[{"count":113,"href":"https:\/\/supply-optimum.com\/index.php\/wp-json\/wp\/v2\/pages\/29\/revisions"}],"predecessor-version":[{"id":4102,"href":"https:\/\/supply-optimum.com\/index.php\/wp-json\/wp\/v2\/pages\/29\/revisions\/4102"}],"wp:attachment":[{"href":"https:\/\/supply-optimum.com\/index.php\/wp-json\/wp\/v2\/media?parent=29"}],"wp:term":[{"taxonomy":"yst_prominent_words","embeddable":true,"href":"https:\/\/supply-optimum.com\/index.php\/wp-json\/wp\/v2\/yst_prominent_words?post=29"}],"curies":[{"name":"wp","href":"https:\/\/api.w.org\/{rel}","templated":true}]}}