{"id":1968,"date":"2019-03-31T07:37:18","date_gmt":"2019-03-31T05:37:18","guid":{"rendered":"https:\/\/supply-optimum.com\/?post_type=product&#038;p=1968"},"modified":"2025-06-21T13:52:01","modified_gmt":"2025-06-21T11:52:01","slug":"forfait-supply-premium","status":"publish","type":"product","link":"https:\/\/supply-optimum.com\/index.php\/produit\/forfait-supply-premium\/","title":{"rendered":"Forfait Supply Premium"},"content":{"rendered":"<p>Le service de conseil en ligne \u00ab Supply Premium \u00bb en d\u00e9tails :<\/p>\n<ul>\n<li>L\u2019audit Supply Chain (cinq jours en entreprise + un site logistique, suivant le r\u00e9f\u00e9rentiel d\u2019audit logistique de <a href=\"https:\/\/www.francesupplychain.org\/\" target=\"_blank\" rel=\"noopener noreferrer\">FRANCE SUPPLY CHAIN<\/a> &#8211; Association Fran\u00e7aise de la Supply Chain et de la Logistique) et l\u2019abonnement d\u2019un an de conseil en ligne, compos\u00e9 de 12 consultations par an, avec des \u00e9changes personnalis\u00e9s gr\u00e2ce \u00e0 une adresse mail d\u00e9di\u00e9e et communiqu\u00e9e lors de l\u2019abonnement au service.<\/li>\n<li>Les consultations peuvent \u00eatre effectu\u00e9es par tous les salari\u00e9s de l\u2019entreprise faisant partie de la liste des personnes ayant acc\u00e8s au service.<\/li>\n<li>Les demandes ou consultations seront envoy\u00e9s par mail \u00e0 l\u2019adresse transmise lors de l\u2019inscription et concerneront une probl\u00e9matique Supply Chain.<\/li>\n<li>L\u2019audit Supply Chain est planifi\u00e9 apr\u00e8s un entretien individuel avec le Directeur de l\u2019entreprise ou le Directeur du site qui pr\u00e9sentera l\u2019entreprise et les objectifs de la r\u00e9alisation de l\u2019audit. Le p\u00e9rim\u00e8tre de l\u2019audit sera d\u00e9fini lors de cet entretien.<\/li>\n<li>Supply Optimum \u00e9tablira un devis accompagn\u00e9 d\u2019une charte de projet d\u00e9taillant le p\u00e9rim\u00e8tre du projet, les objectifs et les livrables d\u00e9finis entre les Parties.<\/li>\n<li>L\u2019auditeur pr\u00e9sentera la m\u00e9thodologie de l\u2019audit \u00e0 r\u00e9aliser et du rendu final de l\u2019analyse.<\/li>\n<li>Supply Optimum d\u00e9butera l\u2019audit apr\u00e8s validation des dites CGA et de l\u2019acceptation et de la signature du devis par l\u2019Abonn\u00e9.<\/li>\n<li>A l\u2019issue de l\u2019audit, un rapport d\u00e9taill\u00e9 vous sera remis avec tous les \u00e9l\u00e9ments recueillis, l\u2019\u00e9valuation du niveau de performance de la Supply Chain et les recommandations pour vous accompagner dans votre plan de progr\u00e8s.<\/li>\n<li>A la suite de l\u2019audit, Supply Optimum pourra vous accompagner dans la mise en place d\u2019un plan d\u2019actions sous forme d\u2019une mission personnalis\u00e9e ne faisant plus partie du dit-forfait, mais d\u2019un nouveau contrat \u00e0 d\u00e9finir. Supply Optimum pourra proposer une solution de collaboration susceptible de mieux correspondre \u00e0 vos besoins.<\/li>\n<\/ul>\n","protected":false},"excerpt":{"rendered":"<p>. Audit Supply Chain<br \/>\n. R\u00e9f\u00e9rentiel d\u2019\u00e9valuation logistique <a href=\"https:\/\/www.francesupplychain.org\/\" target=\"_blank\" rel=\"noopener noreferrer\">FRANCE SUPPLY CHAIN<\/a>.<br \/>\n. Evaluation du niveau de performance de votre Supply Chain,<br \/>\n<span style=\"color: #ffffff;\">_<\/span>recommandations et plan de progr\u00e8s.<br \/>\n. Abonnement annuel de conseil Supply Chain.<br \/>\n. Consultations ouvertes \u00e0 tous les employ\u00e9s, des \u00e9changes personnalis\u00e9s.<\/p>\n[fusion_button link=\"\/index.php\/demande-de-devis-supply-premium\/\" text_transform=\"\" title=\"\" target=\"_self\" link_attributes=\"\" alignment=\"\" modal=\"\" hide_on_mobile=\"small-visibility,medium-visibility,large-visibility\" class=\"\" id=\"\" color=\"default\" button_gradient_top_color=\"\" button_gradient_bottom_color=\"\" button_gradient_top_color_hover=\"\" button_gradient_bottom_color_hover=\"\" accent_color=\"\" accent_hover_color=\"\" type=\"\" bevel_color=\"\" border_width=\"\" size=\"\" stretch=\"default\" shape=\"\" icon=\"\" icon_position=\"left\" icon_divider=\"no\" animation_type=\"\" animation_direction=\"left\" animation_speed=\"0.3\" animation_offset=\"\"]Demandez un devis[\/fusion_button]\n","protected":false},"featured_media":2512,"comment_status":"open","ping_status":"closed","template":"","meta":[],"yst_prominent_words":[96,39,83,62,78,102,93,70,59,56,81,87,50,99,46,104,72,108,38,40],"_links":{"self":[{"href":"https:\/\/supply-optimum.com\/index.php\/wp-json\/wp\/v2\/product\/1968"}],"collection":[{"href":"https:\/\/supply-optimum.com\/index.php\/wp-json\/wp\/v2\/product"}],"about":[{"href":"https:\/\/supply-optimum.com\/index.php\/wp-json\/wp\/v2\/types\/product"}],"replies":[{"embeddable":true,"href":"https:\/\/supply-optimum.com\/index.php\/wp-json\/wp\/v2\/comments?post=1968"}],"wp:featuredmedia":[{"embeddable":true,"href":"https:\/\/supply-optimum.com\/index.php\/wp-json\/wp\/v2\/media\/2512"}],"wp:attachment":[{"href":"https:\/\/supply-optimum.com\/index.php\/wp-json\/wp\/v2\/media?parent=1968"}],"wp:term":[{"taxonomy":"yst_prominent_words","embeddable":true,"href":"https:\/\/supply-optimum.com\/index.php\/wp-json\/wp\/v2\/yst_prominent_words?post=1968"}],"curies":[{"name":"wp","href":"https:\/\/api.w.org\/{rel}","templated":true}]}}